{"id":2400,"date":"2020-12-08T03:53:35","date_gmt":"2020-12-08T01:53:35","guid":{"rendered":"https:\/\/matchmaison.com\/contact\/"},"modified":"2026-02-23T16:15:32","modified_gmt":"2026-02-23T14:15:32","slug":"kontakt-match-maison","status":"publish","type":"page","link":"https:\/\/matchmaison.com\/de\/kontakt-match-maison\/","title":{"rendered":"Kontakt"},"content":{"rendered":"\t\t<div data-elementor-type=\"wp-page\" data-elementor-id=\"2400\" class=\"elementor elementor-2400\">\n\t\t\t\t\t\t<section class=\"elementor-section elementor-top-section elementor-element elementor-element-f0fee94 elementor-section-boxed elementor-section-height-default elementor-section-height-default\" data-id=\"f0fee94\" data-element_type=\"section\" data-e-type=\"section\" data-settings=\"{&quot;background_background&quot;:&quot;classic&quot;}\">\n\t\t\t\t\t\t\t<div class=\"elementor-background-overlay\"><\/div>\n\t\t\t\t\t\t\t<div class=\"elementor-container elementor-column-gap-default\">\n\t\t\t\t\t<div class=\"elementor-column elementor-col-100 elementor-top-column elementor-element elementor-element-3ff6fc5\" data-id=\"3ff6fc5\" data-element_type=\"column\" data-e-type=\"column\">\n\t\t\t<div class=\"elementor-widget-wrap elementor-element-populated\">\n\t\t\t\t\t\t<div class=\"elementor-element elementor-element-64e8b95 elementor-widget elementor-widget-text-editor\" data-id=\"64e8b95\" data-element_type=\"widget\" data-e-type=\"widget\" data-widget_type=\"text-editor.default\">\n\t\t\t\t<div class=\"elementor-widget-container\">\n\t\t\t\t\t\t\t\t\t<p>Kontakt<\/p>\t\t\t\t\t\t\t\t<\/div>\n\t\t\t\t<\/div>\n\t\t\t\t\t<\/div>\n\t\t<\/div>\n\t\t\t\t\t<\/div>\n\t\t<\/section>\n\t\t\t\t<section class=\"elementor-section elementor-top-section elementor-element elementor-element-4c28251 elementor-section-boxed elementor-section-height-default elementor-section-height-default\" data-id=\"4c28251\" data-element_type=\"section\" data-e-type=\"section\">\n\t\t\t\t\t\t<div class=\"elementor-container elementor-column-gap-default\">\n\t\t\t\t\t<div class=\"elementor-column elementor-col-50 elementor-top-column elementor-element elementor-element-99ff15c\" data-id=\"99ff15c\" data-element_type=\"column\" data-e-type=\"column\" data-settings=\"{&quot;background_background&quot;:&quot;classic&quot;}\">\n\t\t\t<div class=\"elementor-widget-wrap elementor-element-populated\">\n\t\t\t\t\t\t<div class=\"elementor-element elementor-element-a304e91 elementor-widget elementor-widget-gva-heading-block\" data-id=\"a304e91\" data-element_type=\"widget\" data-e-type=\"widget\" data-widget_type=\"gva-heading-block.default\">\n\t\t\t\t<div class=\"elementor-widget-container\">\n\t\t\t\t\t<div class=\"gva-element-gva-heading-block gva-element\">   <div class=\"align-left style-1 widget gsc-heading box-align-left auto-responsive\">\r\n      <div class=\"content-inner\">\r\n         \r\n         \r\n         \r\n           \r\n         \r\n                     <h2 class=\"title\">\r\n               <span>Vereinbare ein vertrauliches Erstgespr\u00e4ch, um gemeinsam zu kl\u00e4ren, ob Private Matchmaking oder Dating Coaching bei Match Maison zu dir und deinen Zielen passt.<\/span>\r\n            <\/h2>\r\n                  \r\n                     <div class=\"heading-action\">\r\n               \t\t  <a href=\"https:\/\/calendly.com\/matchmaison\/match-maison-free-consulation-call\" class=\"btn-cta btn-theme btn-size-small\">\r\n\t\t\t <span>Erstgespr\u00e4ch buchen<\/span>\r\n\t\t  <\/a>\r\n\r\n\t\t              <\/div>\r\n         \r\n      <\/div>\r\n   <\/div>\r\n<\/div>\t\t\t\t<\/div>\n\t\t\t\t<\/div>\n\t\t\t\t<div class=\"elementor-element elementor-element-2a5a87b elementor-widget elementor-widget-gva-heading-block\" data-id=\"2a5a87b\" data-element_type=\"widget\" data-e-type=\"widget\" data-widget_type=\"gva-heading-block.default\">\n\t\t\t\t<div class=\"elementor-widget-container\">\n\t\t\t\t\t<div class=\"gva-element-gva-heading-block gva-element\">   <div class=\"align-left style-3 widget gsc-heading box-align-left auto-responsive\">\r\n      <div class=\"content-inner\">\r\n         \r\n         \r\n         \r\n                     <div class=\"sub-title\">\r\n               <span class=\"tagline\">Match Maison hat seinen Sitz in Z\u00fcrich und arbeitet international mit Klienten in ganz Europa, unter anderem in:<\/span> \r\n            <\/div>\r\n           \r\n         \r\n                     <h2 class=\"title\">\r\n               <span>Z\u00fcrich \u00b7 Genf \u00b7 London \u00b7 Paris \u00b7 Berlin \u00b7 M\u00fcnchen \u00b7 Wien \u00b7 Amsterdam \u00b7 Kopenhagen \u00b7 Luxemburg<\/span>\r\n            <\/h2>\r\n                  \r\n         \r\n      <\/div>\r\n   <\/div>\r\n<\/div>\t\t\t\t<\/div>\n\t\t\t\t<\/div>\n\t\t\t\t<div class=\"elementor-element elementor-element-420fbf3 elementor-widget elementor-widget-gva-heading-block\" data-id=\"420fbf3\" data-element_type=\"widget\" data-e-type=\"widget\" data-widget_type=\"gva-heading-block.default\">\n\t\t\t\t<div class=\"elementor-widget-container\">\n\t\t\t\t\t<div class=\"gva-element-gva-heading-block gva-element\">   <div class=\"align-left style-1 widget gsc-heading box-align-left auto-responsive\">\r\n      <div class=\"content-inner\">\r\n         \r\n         \r\n         \r\n                     <div class=\"sub-title\">\r\n               <span class=\"tagline\">E-Mail:<\/span> \r\n            <\/div>\r\n           \r\n         \r\n                  \r\n         \r\n      <\/div>\r\n   <\/div>\r\n<\/div>\t\t\t\t<\/div>\n\t\t\t\t<\/div>\n\t\t\t\t<div class=\"elementor-element elementor-element-004278a elementor-widget elementor-widget-gva-heading-block\" data-id=\"004278a\" data-element_type=\"widget\" data-e-type=\"widget\" data-widget_type=\"gva-heading-block.default\">\n\t\t\t\t<div class=\"elementor-widget-container\">\n\t\t\t\t\t<div class=\"gva-element-gva-heading-block gva-element\">   <div class=\"align-left style-1 widget gsc-heading box-align-left auto-responsive\">\r\n      <div class=\"content-inner\">\r\n         \r\n         \r\n         \r\n           \r\n         \r\n                  \r\n                     <div class=\"heading-action\">\r\n               \t\t  <a href=\"mailto:info@matchmaison.com\" class=\"btn-cta btn-theme btn-size-small\">\r\n\t\t\t <span>info@matchmaison.com<\/span>\r\n\t\t  <\/a>\r\n\r\n\t\t              <\/div>\r\n         \r\n      <\/div>\r\n   <\/div>\r\n<\/div>\t\t\t\t<\/div>\n\t\t\t\t<\/div>\n\t\t\t\t<div class=\"elementor-element elementor-element-3343e09 elementor-widget elementor-widget-gva-heading-block\" data-id=\"3343e09\" data-element_type=\"widget\" data-e-type=\"widget\" data-widget_type=\"gva-heading-block.default\">\n\t\t\t\t<div class=\"elementor-widget-container\">\n\t\t\t\t\t<div class=\"gva-element-gva-heading-block gva-element\">   <div class=\"align-left style-3 widget gsc-heading box-align-left auto-responsive\">\r\n      <div class=\"content-inner\">\r\n         \r\n         \r\n         \r\n                     <div class=\"sub-title\">\r\n               <span class=\"tagline\">B\u00fcrozeiten:<\/span> \r\n            <\/div>\r\n           \r\n         \r\n                     <h2 class=\"title\">\r\n               <span>Montag - Freitag: 9.00 - 19.00 Uhr\n<br>\nSamstag nach Vereinbarung\n<\/span>\r\n            <\/h2>\r\n                  \r\n         \r\n      <\/div>\r\n   <\/div>\r\n<\/div>\t\t\t\t<\/div>\n\t\t\t\t<\/div>\n\t\t\t\t<div class=\"elementor-element elementor-element-392c0ba elementor-widget elementor-widget-gva-heading-block\" data-id=\"392c0ba\" data-element_type=\"widget\" data-e-type=\"widget\" data-widget_type=\"gva-heading-block.default\">\n\t\t\t\t<div class=\"elementor-widget-container\">\n\t\t\t\t\t<div class=\"gva-element-gva-heading-block gva-element\">   <div class=\"align-left style-1 widget gsc-heading box-align-left auto-responsive\">\r\n      <div class=\"content-inner\">\r\n         \r\n         \r\n         \r\n                     <div class=\"sub-title\">\r\n               <span class=\"tagline\">Folge Match Maison:<\/span> \r\n            <\/div>\r\n           \r\n         \r\n                  \r\n         \r\n      <\/div>\r\n   <\/div>\r\n<\/div>\t\t\t\t<\/div>\n\t\t\t\t<\/div>\n\t\t\t\t<div class=\"elementor-element elementor-element-eeab1af e-grid-align-left e-grid-align-mobile-center elementor-shape-rounded elementor-grid-0 elementor-widget elementor-widget-social-icons\" data-id=\"eeab1af\" data-element_type=\"widget\" data-e-type=\"widget\" data-widget_type=\"social-icons.default\">\n\t\t\t\t<div class=\"elementor-widget-container\">\n\t\t\t\t\t\t\t<div class=\"elementor-social-icons-wrapper elementor-grid\" role=\"list\">\n\t\t\t\t\t\t\t<span class=\"elementor-grid-item\" role=\"listitem\">\n\t\t\t\t\t<a class=\"elementor-icon elementor-social-icon elementor-social-icon-facebook elementor-repeater-item-b32881d\" href=\"https:\/\/www.facebook.com\/match.maison.official\" target=\"_blank\">\n\t\t\t\t\t\t<span class=\"elementor-screen-only\">Facebook<\/span>\n\t\t\t\t\t\t<i aria-hidden=\"true\" class=\"fab fa-facebook\"><\/i>\t\t\t\t\t<\/a>\n\t\t\t\t<\/span>\n\t\t\t\t\t\t\t<span class=\"elementor-grid-item\" role=\"listitem\">\n\t\t\t\t\t<a class=\"elementor-icon elementor-social-icon elementor-social-icon-instagram elementor-repeater-item-e9775fc\" href=\"https:\/\/instagram.com\/matchmaison\" target=\"_blank\">\n\t\t\t\t\t\t<span class=\"elementor-screen-only\">Instagram<\/span>\n\t\t\t\t\t\t<i aria-hidden=\"true\" class=\"fab fa-instagram\"><\/i>\t\t\t\t\t<\/a>\n\t\t\t\t<\/span>\n\t\t\t\t\t\t\t<span class=\"elementor-grid-item\" role=\"listitem\">\n\t\t\t\t\t<a class=\"elementor-icon elementor-social-icon elementor-social-icon-linkedin elementor-repeater-item-1450104\" href=\"https:\/\/www.linkedin.com\/company\/match-maison\" target=\"_blank\">\n\t\t\t\t\t\t<span class=\"elementor-screen-only\">Linkedin<\/span>\n\t\t\t\t\t\t<i aria-hidden=\"true\" class=\"fab fa-linkedin\"><\/i>\t\t\t\t\t<\/a>\n\t\t\t\t<\/span>\n\t\t\t\t\t<\/div>\n\t\t\t\t\t\t<\/div>\n\t\t\t\t<\/div>\n\t\t\t\t<div class=\"elementor-element elementor-element-da45db2 elementor-widget elementor-widget-html\" data-id=\"da45db2\" data-element_type=\"widget\" data-e-type=\"widget\" data-widget_type=\"html.default\">\n\t\t\t\t<div class=\"elementor-widget-container\">\n\t\t\t\t\t<div>\n<span style=\"text-align:center;\" class=\"signature-text\">\n    Elena Sachs\n<\/span>\n<span class=\"text-black\">\n<br> \n<br> \nFounder & International Matchmaker\n<\/span>\n<\/div>\t\t\t\t<\/div>\n\t\t\t\t<\/div>\n\t\t\t\t\t<\/div>\n\t\t<\/div>\n\t\t\t\t<div class=\"elementor-column elementor-col-50 elementor-top-column elementor-element elementor-element-3723b0c\" data-id=\"3723b0c\" data-element_type=\"column\" data-e-type=\"column\">\n\t\t\t<div class=\"elementor-widget-wrap elementor-element-populated\">\n\t\t\t\t\t\t<div class=\"elementor-element elementor-element-6e28f26 elementor-widget elementor-widget-image\" data-id=\"6e28f26\" data-element_type=\"widget\" data-e-type=\"widget\" data-widget_type=\"image.default\">\n\t\t\t\t<div class=\"elementor-widget-container\">\n\t\t\t\t\t\t\t\t\t\t\t\t\t\t\t<img fetchpriority=\"high\" decoding=\"async\" width=\"1000\" height=\"1500\" src=\"https:\/\/matchmaison.com\/wp-content\/uploads\/2025\/08\/IMG_3404-min.jpg\" class=\"attachment-full size-full wp-image-4455\" alt=\"\" srcset=\"https:\/\/matchmaison.com\/wp-content\/uploads\/2025\/08\/IMG_3404-min.jpg 1000w, https:\/\/matchmaison.com\/wp-content\/uploads\/2025\/08\/IMG_3404-min-683x1024.jpg 683w, https:\/\/matchmaison.com\/wp-content\/uploads\/2025\/08\/IMG_3404-min-768x1152.jpg 768w\" sizes=\"(max-width: 1000px) 100vw, 1000px\" \/>\t\t\t\t\t\t\t\t\t\t\t\t\t\t\t<\/div>\n\t\t\t\t<\/div>\n\t\t\t\t\t<\/div>\n\t\t<\/div>\n\t\t\t\t\t<\/div>\n\t\t<\/section>\n\t\t\t\t<\/div>\n\t\t","protected":false},"excerpt":{"rendered":"<p>Kontakt Vereinbare ein vertrauliches Erstgespr\u00e4ch, um gemeinsam zu kl\u00e4ren, ob Private Matchmaking oder Dating Coaching bei Match Maison zu dir und deinen Zielen passt. Erstgespr\u00e4ch buchen Match Maison hat seinen Sitz in Z\u00fcrich und arbeitet international mit Klienten in ganz Europa, unter anderem in: Z\u00fcrich \u00b7 Genf \u00b7 London \u00b7 Paris \u00b7 Berlin \u00b7 M\u00fcnchen [&hellip;]<\/p>\n","protected":false},"author":1,"featured_media":4467,"parent":0,"menu_order":0,"comment_status":"closed","ping_status":"closed","template":"","meta":{"footnotes":""},"class_list":["post-2400","page","type-page","status-publish","has-post-thumbnail","hentry"],"yoast_head":"<!-- This site is optimized with the Yoast SEO Premium plugin v26.9 (Yoast SEO v26.9) - https:\/\/yoast.com\/product\/yoast-seo-premium-wordpress\/ -->\n<title>Kontakt Match Maison: Vereinbare deinen Beratungstermin<\/title>\n<meta name=\"description\" content=\"Kontakt Match Maison: Buche deinen kostenlosen Beratungstermin und starte noch heute deine Suche nach deinem perfekten Match.\" \/>\n<meta name=\"robots\" content=\"index, follow, max-snippet:-1, max-image-preview:large, max-video-preview:-1\" \/>\n<link rel=\"canonical\" href=\"https:\/\/matchmaison.com\/de\/kontakt-match-maison\/\" \/>\n<meta property=\"og:locale\" content=\"de_DE\" \/>\n<meta property=\"og:type\" content=\"article\" \/>\n<meta property=\"og:title\" content=\"Kontakt\" \/>\n<meta property=\"og:description\" content=\"Kontakt Match Maison: Buche deinen kostenlosen Beratungstermin und starte noch heute deine Suche nach deinem perfekten Match.\" \/>\n<meta property=\"og:url\" content=\"https:\/\/matchmaison.com\/de\/kontakt-match-maison\/\" \/>\n<meta property=\"og:site_name\" content=\"Match Maison\" \/>\n<meta property=\"article:publisher\" content=\"https:\/\/www.facebook.com\/match.maison.official\" \/>\n<meta property=\"article:modified_time\" content=\"2026-02-23T14:15:32+00:00\" \/>\n<meta property=\"og:image\" content=\"https:\/\/matchmaison.com\/wp-content\/uploads\/2025\/08\/IMG_3404-min-1-1.jpg\" \/>\n\t<meta property=\"og:image:width\" content=\"1000\" \/>\n\t<meta property=\"og:image:height\" content=\"1500\" \/>\n\t<meta property=\"og:image:type\" content=\"image\/jpeg\" \/>\n<meta name=\"twitter:card\" content=\"summary_large_image\" \/>\n<meta name=\"twitter:label1\" content=\"Gesch\u00e4tzte Lesezeit\" \/>\n\t<meta name=\"twitter:data1\" content=\"1\u00a0Minute\" \/>\n<script type=\"application\/ld+json\" class=\"yoast-schema-graph\">{\"@context\":\"https:\/\/schema.org\",\"@graph\":[{\"@type\":\"WebPage\",\"@id\":\"https:\/\/matchmaison.com\/de\/kontakt-match-maison\/\",\"url\":\"https:\/\/matchmaison.com\/de\/kontakt-match-maison\/\",\"name\":\"Kontakt Match Maison: Vereinbare deinen Beratungstermin\",\"isPartOf\":{\"@id\":\"https:\/\/matchmaison.com\/#website\"},\"primaryImageOfPage\":{\"@id\":\"https:\/\/matchmaison.com\/de\/kontakt-match-maison\/#primaryimage\"},\"image\":{\"@id\":\"https:\/\/matchmaison.com\/de\/kontakt-match-maison\/#primaryimage\"},\"thumbnailUrl\":\"https:\/\/matchmaison.com\/wp-content\/uploads\/2025\/08\/IMG_3404-min-1-1.jpg\",\"datePublished\":\"2020-12-08T01:53:35+00:00\",\"dateModified\":\"2026-02-23T14:15:32+00:00\",\"description\":\"Kontakt Match Maison: Buche deinen kostenlosen Beratungstermin und starte noch heute deine Suche nach deinem perfekten Match.\",\"breadcrumb\":{\"@id\":\"https:\/\/matchmaison.com\/de\/kontakt-match-maison\/#breadcrumb\"},\"inLanguage\":\"de\",\"potentialAction\":[{\"@type\":\"ReadAction\",\"target\":[\"https:\/\/matchmaison.com\/de\/kontakt-match-maison\/\"]}]},{\"@type\":\"ImageObject\",\"inLanguage\":\"de\",\"@id\":\"https:\/\/matchmaison.com\/de\/kontakt-match-maison\/#primaryimage\",\"url\":\"https:\/\/matchmaison.com\/wp-content\/uploads\/2025\/08\/IMG_3404-min-1-1.jpg\",\"contentUrl\":\"https:\/\/matchmaison.com\/wp-content\/uploads\/2025\/08\/IMG_3404-min-1-1.jpg\",\"width\":1000,\"height\":1500,\"caption\":\"contacter agence matrimoniale: Elena Sachs, fondatrice de Match Maison, assise sur un canap\u00e9 en blazer blanc, souriante et confiante.\"},{\"@type\":\"BreadcrumbList\",\"@id\":\"https:\/\/matchmaison.com\/de\/kontakt-match-maison\/#breadcrumb\",\"itemListElement\":[{\"@type\":\"ListItem\",\"position\":1,\"name\":\"Home\",\"item\":\"https:\/\/matchmaison.com\/\"},{\"@type\":\"ListItem\",\"position\":2,\"name\":\"Kontakt\"}]},{\"@type\":\"WebSite\",\"@id\":\"https:\/\/matchmaison.com\/#website\",\"url\":\"https:\/\/matchmaison.com\/\",\"name\":\"Match Maison\",\"description\":\"Creating love stories for busy professionals in Europe\",\"publisher\":{\"@id\":\"https:\/\/matchmaison.com\/#organization\"},\"alternateName\":\"Matchmaking\",\"potentialAction\":[{\"@type\":\"SearchAction\",\"target\":{\"@type\":\"EntryPoint\",\"urlTemplate\":\"https:\/\/matchmaison.com\/?s={search_term_string}\"},\"query-input\":{\"@type\":\"PropertyValueSpecification\",\"valueRequired\":true,\"valueName\":\"search_term_string\"}}],\"inLanguage\":\"de\"},{\"@type\":\"Organization\",\"@id\":\"https:\/\/matchmaison.com\/#organization\",\"name\":\"Match Maison\",\"alternateName\":\"Matchmaking Agency\",\"url\":\"https:\/\/matchmaison.com\/\",\"logo\":{\"@type\":\"ImageObject\",\"inLanguage\":\"de\",\"@id\":\"https:\/\/matchmaison.com\/#\/schema\/logo\/image\/\",\"url\":\"https:\/\/matchmaison.com\/wp-content\/uploads\/2021\/10\/Logo-web.png\",\"contentUrl\":\"https:\/\/matchmaison.com\/wp-content\/uploads\/2021\/10\/Logo-web.png\",\"width\":400,\"height\":53,\"caption\":\"Match Maison\"},\"image\":{\"@id\":\"https:\/\/matchmaison.com\/#\/schema\/logo\/image\/\"},\"sameAs\":[\"https:\/\/www.facebook.com\/match.maison.official\",\"https:\/\/instagram.com\/matchmaison\",\"https:\/\/www.linkedin.com\/company\/match-maison\"]}]}<\/script>\n<!-- \/ Yoast SEO Premium plugin. -->","yoast_head_json":{"title":"Kontakt Match Maison: Vereinbare deinen Beratungstermin","description":"Kontakt Match Maison: Buche deinen kostenlosen Beratungstermin und starte noch heute deine Suche nach deinem perfekten Match.","robots":{"index":"index","follow":"follow","max-snippet":"max-snippet:-1","max-image-preview":"max-image-preview:large","max-video-preview":"max-video-preview:-1"},"canonical":"https:\/\/matchmaison.com\/de\/kontakt-match-maison\/","og_locale":"de_DE","og_type":"article","og_title":"Kontakt","og_description":"Kontakt Match Maison: Buche deinen kostenlosen Beratungstermin und starte noch heute deine Suche nach deinem perfekten Match.","og_url":"https:\/\/matchmaison.com\/de\/kontakt-match-maison\/","og_site_name":"Match Maison","article_publisher":"https:\/\/www.facebook.com\/match.maison.official","article_modified_time":"2026-02-23T14:15:32+00:00","og_image":[{"width":1000,"height":1500,"url":"https:\/\/matchmaison.com\/wp-content\/uploads\/2025\/08\/IMG_3404-min-1-1.jpg","type":"image\/jpeg"}],"twitter_card":"summary_large_image","twitter_misc":{"Gesch\u00e4tzte Lesezeit":"1\u00a0Minute"},"schema":{"@context":"https:\/\/schema.org","@graph":[{"@type":"WebPage","@id":"https:\/\/matchmaison.com\/de\/kontakt-match-maison\/","url":"https:\/\/matchmaison.com\/de\/kontakt-match-maison\/","name":"Kontakt Match Maison: Vereinbare deinen Beratungstermin","isPartOf":{"@id":"https:\/\/matchmaison.com\/#website"},"primaryImageOfPage":{"@id":"https:\/\/matchmaison.com\/de\/kontakt-match-maison\/#primaryimage"},"image":{"@id":"https:\/\/matchmaison.com\/de\/kontakt-match-maison\/#primaryimage"},"thumbnailUrl":"https:\/\/matchmaison.com\/wp-content\/uploads\/2025\/08\/IMG_3404-min-1-1.jpg","datePublished":"2020-12-08T01:53:35+00:00","dateModified":"2026-02-23T14:15:32+00:00","description":"Kontakt Match Maison: Buche deinen kostenlosen Beratungstermin und starte noch heute deine Suche nach deinem perfekten Match.","breadcrumb":{"@id":"https:\/\/matchmaison.com\/de\/kontakt-match-maison\/#breadcrumb"},"inLanguage":"de","potentialAction":[{"@type":"ReadAction","target":["https:\/\/matchmaison.com\/de\/kontakt-match-maison\/"]}]},{"@type":"ImageObject","inLanguage":"de","@id":"https:\/\/matchmaison.com\/de\/kontakt-match-maison\/#primaryimage","url":"https:\/\/matchmaison.com\/wp-content\/uploads\/2025\/08\/IMG_3404-min-1-1.jpg","contentUrl":"https:\/\/matchmaison.com\/wp-content\/uploads\/2025\/08\/IMG_3404-min-1-1.jpg","width":1000,"height":1500,"caption":"contacter agence matrimoniale: Elena Sachs, fondatrice de Match Maison, assise sur un canap\u00e9 en blazer blanc, souriante et confiante."},{"@type":"BreadcrumbList","@id":"https:\/\/matchmaison.com\/de\/kontakt-match-maison\/#breadcrumb","itemListElement":[{"@type":"ListItem","position":1,"name":"Home","item":"https:\/\/matchmaison.com\/"},{"@type":"ListItem","position":2,"name":"Kontakt"}]},{"@type":"WebSite","@id":"https:\/\/matchmaison.com\/#website","url":"https:\/\/matchmaison.com\/","name":"Match Maison","description":"Creating love stories for busy professionals in Europe","publisher":{"@id":"https:\/\/matchmaison.com\/#organization"},"alternateName":"Matchmaking","potentialAction":[{"@type":"SearchAction","target":{"@type":"EntryPoint","urlTemplate":"https:\/\/matchmaison.com\/?s={search_term_string}"},"query-input":{"@type":"PropertyValueSpecification","valueRequired":true,"valueName":"search_term_string"}}],"inLanguage":"de"},{"@type":"Organization","@id":"https:\/\/matchmaison.com\/#organization","name":"Match Maison","alternateName":"Matchmaking Agency","url":"https:\/\/matchmaison.com\/","logo":{"@type":"ImageObject","inLanguage":"de","@id":"https:\/\/matchmaison.com\/#\/schema\/logo\/image\/","url":"https:\/\/matchmaison.com\/wp-content\/uploads\/2021\/10\/Logo-web.png","contentUrl":"https:\/\/matchmaison.com\/wp-content\/uploads\/2021\/10\/Logo-web.png","width":400,"height":53,"caption":"Match Maison"},"image":{"@id":"https:\/\/matchmaison.com\/#\/schema\/logo\/image\/"},"sameAs":["https:\/\/www.facebook.com\/match.maison.official","https:\/\/instagram.com\/matchmaison","https:\/\/www.linkedin.com\/company\/match-maison"]}]}},"_links":{"self":[{"href":"https:\/\/matchmaison.com\/de\/wp-json\/wp\/v2\/pages\/2400","targetHints":{"allow":["GET"]}}],"collection":[{"href":"https:\/\/matchmaison.com\/de\/wp-json\/wp\/v2\/pages"}],"about":[{"href":"https:\/\/matchmaison.com\/de\/wp-json\/wp\/v2\/types\/page"}],"author":[{"embeddable":true,"href":"https:\/\/matchmaison.com\/de\/wp-json\/wp\/v2\/users\/1"}],"replies":[{"embeddable":true,"href":"https:\/\/matchmaison.com\/de\/wp-json\/wp\/v2\/comments?post=2400"}],"version-history":[{"count":39,"href":"https:\/\/matchmaison.com\/de\/wp-json\/wp\/v2\/pages\/2400\/revisions"}],"predecessor-version":[{"id":5739,"href":"https:\/\/matchmaison.com\/de\/wp-json\/wp\/v2\/pages\/2400\/revisions\/5739"}],"wp:featuredmedia":[{"embeddable":true,"href":"https:\/\/matchmaison.com\/de\/wp-json\/wp\/v2\/media\/4467"}],"wp:attachment":[{"href":"https:\/\/matchmaison.com\/de\/wp-json\/wp\/v2\/media?parent=2400"}],"curies":[{"name":"wp","href":"https:\/\/api.w.org\/{rel}","templated":true}]}}